{"id":2,"date":"2024-04-15T11:35:21","date_gmt":"2024-04-15T14:35:21","guid":{"rendered":"http:\/\/localhost\/wordpress\/?page_id=2"},"modified":"2024-05-21T14:47:48","modified_gmt":"2024-05-21T17:47:48","slug":"pagina-exemplo","status":"publish","type":"page","link":"https:\/\/draca.cubatao.sp.gov.br\/index.php\/pagina-exemplo\/","title":{"rendered":"PRONTU\u00c1RIO"},"content":{"rendered":"\n<p>P\u00e1gina em constru\u00e7\u00e3o&#8230;<\/p>\n","protected":false},"excerpt":{"rendered":"<p>P\u00e1gina em constru\u00e7\u00e3o&#8230;<\/p>\n","protected":false},"author":1,"featured_media":0,"parent":0,"menu_order":0,"comment_status":"closed","ping_status":"open","template":"","meta":{"_eb_attr":"","footnotes":""},"class_list":["post-2","page","type-page","status-publish","hentry"],"jetpack_sharing_enabled":true,"_links":{"self":[{"href":"https:\/\/draca.cubatao.sp.gov.br\/index.php\/wp-json\/wp\/v2\/pages\/2","targetHints":{"allow":["GET"]}}],"collection":[{"href":"https:\/\/draca.cubatao.sp.gov.br\/index.php\/wp-json\/wp\/v2\/pages"}],"about":[{"href":"https:\/\/draca.cubatao.sp.gov.br\/index.php\/wp-json\/wp\/v2\/types\/page"}],"author":[{"embeddable":true,"href":"https:\/\/draca.cubatao.sp.gov.br\/index.php\/wp-json\/wp\/v2\/users\/1"}],"replies":[{"embeddable":true,"href":"https:\/\/draca.cubatao.sp.gov.br\/index.php\/wp-json\/wp\/v2\/comments?post=2"}],"version-history":[{"count":2,"href":"https:\/\/draca.cubatao.sp.gov.br\/index.php\/wp-json\/wp\/v2\/pages\/2\/revisions"}],"predecessor-version":[{"id":107,"href":"https:\/\/draca.cubatao.sp.gov.br\/index.php\/wp-json\/wp\/v2\/pages\/2\/revisions\/107"}],"wp:attachment":[{"href":"https:\/\/draca.cubatao.sp.gov.br\/index.php\/wp-json\/wp\/v2\/media?parent=2"}],"curies":[{"name":"wp","href":"https:\/\/api.w.org\/{rel}","templated":true}]}}