{"id":456,"date":"2025-05-03T15:08:40","date_gmt":"2025-05-03T18:08:40","guid":{"rendered":"https:\/\/draca.cubatao.sp.gov.br\/?page_id=456"},"modified":"2026-01-10T13:17:23","modified_gmt":"2026-01-10T16:17:23","slug":"cronogramas","status":"publish","type":"page","link":"https:\/\/draca.cubatao.sp.gov.br\/index.php\/cronogramas\/","title":{"rendered":"CRONOGRAMAS"},"content":{"rendered":"\n<p>\ud83d\udccc <strong>CADASTRO NACIONAL DE ESTABELECIMENTOS DE SA\u00daDE &#8211; CNES<\/strong><\/p>\n\n\n\n<div style=\"height:20px\" aria-hidden=\"true\" class=\"wp-block-spacer\"><\/div>\n\n\n\n<figure class=\"wp-block-image size-large\"><img decoding=\"async\" src=\"https:\/\/draca.cubatao.sp.gov.br\/wp-content\/uploads\/2026\/01\/cnes_2026.png\" alt=\"\"\/><\/figure>\n\n\n\n<div style=\"height:20px\" aria-hidden=\"true\" class=\"wp-block-spacer\"><\/div>\n\n\n\n<p id=\"block-a9a8aa44-3820-444b-80f6-0efb88feb59f\"><strong>Com o intuito de reduzir eventuais d\u00favidas, segue abaixo a descri\u00e7\u00e3o do que representa cada coluna do cronograma:<\/strong><\/p>\n\n\n\n<ul id=\"block-6040af0a-c10c-46f6-b5bd-0588a7ef3679\" class=\"wp-block-list\">\n<li><strong>Compet\u00eancia<\/strong>: M\u00eas de refer\u00eancia da produ\u00e7\u00e3o, podendo abranger per\u00edodos que se estendem al\u00e9m do pr\u00f3prio m\u00eas.<\/li>\n\n\n\n<li><strong>Disponibiliza\u00e7\u00e3o do CNES Desktop:<\/strong>&nbsp;Data em que \u00e9 disponibilizada nova vers\u00e3o do sistema do Cadastro Nacional de Estabelecimentos de Sa\u00fade (CNES).<\/li>\n\n\n\n<li><strong>In\u00edcio de Envio de Arquivos:<\/strong> Data inicial para envio das atualiza\u00e7\u00f5es do Estabelecimento.<\/li>\n\n\n\n<li><strong>Encerramento de Envio de Arquivos:<\/strong> Data limite para envio das atualiza\u00e7\u00f5es do Estabelecimento. <\/li>\n\n\n\n<li><strong>Envio da remessa do CNES:<\/strong> Data limite para envio das informa\u00e7\u00f5es ao DATASUS pelo Gestor Municipal.<\/li>\n<\/ul>\n\n\n\n<p>\ud83d\udce9 E-mail de recebimento:<strong> cnescubatao@gmail.com<\/strong>.<\/p>\n\n\n\n<div style=\"height:20px\" aria-hidden=\"true\" class=\"wp-block-spacer\"><\/div>\n\n\n\n<p>\ud83d\udccc <strong>SISTEMAS AMBULATORIAL E HOSPITALAR &#8211; SIA\/SIH<\/strong><\/p>\n\n\n\n<div style=\"height:20px\" aria-hidden=\"true\" class=\"wp-block-spacer\"><\/div>\n\n\n\n<figure class=\"wp-block-image size-large\"><img decoding=\"async\" src=\"https:\/\/draca.cubatao.sp.gov.br\/wp-content\/uploads\/2026\/01\/sia_sih_2026.png\" alt=\"\"\/><\/figure>\n\n\n\n<div style=\"height:20px\" aria-hidden=\"true\" class=\"wp-block-spacer\"><\/div>\n\n\n\n<p><strong>Com o intuito de reduzir eventuais d\u00favidas, segue abaixo a descri\u00e7\u00e3o do que representa cada coluna do cronograma:<\/strong><\/p>\n\n\n\n<ul class=\"wp-block-list\">\n<li><strong>Compet\u00eancia<\/strong>: M\u00eas de refer\u00eancia da produ\u00e7\u00e3o, podendo abranger per\u00edodos que se estendem al\u00e9m do pr\u00f3prio m\u00eas.<\/li>\n\n\n\n<li><strong>In\u00edcio de Envio de Arquivos<\/strong>: Data a partir da qual os estabelecimentos podem iniciar o envio da produ\u00e7\u00e3o ambulatorial ou hospitalar.<\/li>\n\n\n\n<li><strong>Encerramento de Envio de Arquivos<\/strong>: Data limite para o envio da produ\u00e7\u00e3o ambulatorial ou hospitalar pelos estabelecimentos.<\/li>\n\n\n\n<li><strong>Data de Atualiza\u00e7\u00e3o do Sistema SIA\/SIH<\/strong>: Data estimada para a atualiza\u00e7\u00e3o do sistema SIA\/SIH, realizada ap\u00f3s a disponibiliza\u00e7\u00e3o do arquivo TXT definitivo do CNES, essencial para essa a\u00e7\u00e3o.<\/li>\n\n\n\n<li><strong>Envio da Remessa do SIA\/SIH<\/strong>: Data limite para envio das informa\u00e7\u00f5es ao DATASUS pelo Gestor Municipal.<\/li>\n\n\n\n<li><strong>Dissemina\u00e7\u00e3o TABNET\/TABWIN<\/strong>: Data estimada para a libera\u00e7\u00e3o dos arquivos de dissemina\u00e7\u00e3o, destinados aos sistemas TabNet e TabWin.<\/li>\n<\/ul>\n\n\n\n<p>\ud83d\udce9 E-mail de recebimento: <strong>draca.cubatao@gmail.com<\/strong>.<\/p>\n\n\n\n<div style=\"height:28px\" aria-hidden=\"true\" class=\"wp-block-spacer\"><\/div>\n\n\n\n<p class=\"has-text-align-left\" style=\"font-size:18px\">\ud83d\udcc5 <strong>CRONOGRAMA DOS ANOS ANTERIORES:<\/strong><\/p>\n\n\n\n<details class=\"wp-block-details is-layout-flow wp-block-details-is-layout-flow\"><summary>2025<\/summary>\n<figure class=\"wp-block-image size-full\"><img loading=\"lazy\" decoding=\"async\" width=\"927\" height=\"551\" src=\"https:\/\/draca.cubatao.sp.gov.br\/wp-content\/uploads\/2025\/05\/crono_cnes.jpg\" alt=\"\" class=\"wp-image-514\"\/><\/figure>\n\n\n\n<div style=\"height:30px\" aria-hidden=\"true\" class=\"wp-block-spacer\"><\/div>\n\n\n\n<figure class=\"wp-block-image size-full\"><img decoding=\"async\" src=\"https:\/\/draca.cubatao.sp.gov.br\/wp-content\/uploads\/2025\/05\/cronogramas.jpg\" alt=\"\" class=\"wp-image-487\"\/><\/figure>\n<\/details>\n","protected":false},"excerpt":{"rendered":"<p>\ud83d\udccc CADASTRO NACIONAL DE ESTABELECIMENTOS DE SA\u00daDE &#8211; CNES Com o intuito de reduzir eventuais d\u00favidas, segue abaixo a descri\u00e7\u00e3o do que representa cada coluna do cronograma: \ud83d\udce9 E-mail de recebimento: cnescubatao@gmail.com. \ud83d\udccc SISTEMAS AMBULATORIAL E HOSPITALAR &#8211; SIA\/SIH Com o intuito de reduzir eventuais d\u00favidas, segue abaixo a descri\u00e7\u00e3o do que representa cada coluna [&hellip;]<\/p>\n","protected":false},"author":1,"featured_media":0,"parent":0,"menu_order":0,"comment_status":"closed","ping_status":"closed","template":"","meta":{"_eb_attr":"","footnotes":""},"class_list":["post-456","page","type-page","status-publish","hentry"],"jetpack_sharing_enabled":true,"_links":{"self":[{"href":"https:\/\/draca.cubatao.sp.gov.br\/index.php\/wp-json\/wp\/v2\/pages\/456","targetHints":{"allow":["GET"]}}],"collection":[{"href":"https:\/\/draca.cubatao.sp.gov.br\/index.php\/wp-json\/wp\/v2\/pages"}],"about":[{"href":"https:\/\/draca.cubatao.sp.gov.br\/index.php\/wp-json\/wp\/v2\/types\/page"}],"author":[{"embeddable":true,"href":"https:\/\/draca.cubatao.sp.gov.br\/index.php\/wp-json\/wp\/v2\/users\/1"}],"replies":[{"embeddable":true,"href":"https:\/\/draca.cubatao.sp.gov.br\/index.php\/wp-json\/wp\/v2\/comments?post=456"}],"version-history":[{"count":54,"href":"https:\/\/draca.cubatao.sp.gov.br\/index.php\/wp-json\/wp\/v2\/pages\/456\/revisions"}],"predecessor-version":[{"id":1918,"href":"https:\/\/draca.cubatao.sp.gov.br\/index.php\/wp-json\/wp\/v2\/pages\/456\/revisions\/1918"}],"wp:attachment":[{"href":"https:\/\/draca.cubatao.sp.gov.br\/index.php\/wp-json\/wp\/v2\/media?parent=456"}],"curies":[{"name":"wp","href":"https:\/\/api.w.org\/{rel}","templated":true}]}}