{"id":96,"date":"2024-05-21T14:33:38","date_gmt":"2024-05-21T17:33:38","guid":{"rendered":"https:\/\/draca.cubatao.sp.gov.br\/?page_id=96"},"modified":"2025-08-20T16:23:07","modified_gmt":"2025-08-20T19:23:07","slug":"sobre-o-draca","status":"publish","type":"page","link":"https:\/\/draca.cubatao.sp.gov.br\/index.php\/sobre-o-draca\/","title":{"rendered":"SOBRE A DRACA"},"content":{"rendered":"\n<p class=\"has-text-align-left\" style=\"font-size:20px\"><strong>Estrutura Organizacional<\/strong><\/p>\n\n\n\n<hr class=\"wp-block-separator has-alpha-channel-opacity\"\/>\n\n\n\n<p class=\"has-text-align-left\" style=\"font-size:20px\"><\/p>\n\n\n\n<div style=\"height:27px\" aria-hidden=\"true\" class=\"wp-block-spacer\"><\/div>\n\n\n<div class=\"wp-block-image\">\n<figure class=\"aligncenter size-full\"><img loading=\"lazy\" decoding=\"async\" width=\"520\" height=\"1021\" src=\"https:\/\/draca.cubatao.sp.gov.br\/wp-content\/uploads\/2025\/06\/DRACA_organograma.png\" alt=\"\" class=\"wp-image-778\"\/><\/figure>\n<\/div>\n\n\n<div style=\"height:27px\" aria-hidden=\"true\" class=\"wp-block-spacer\"><\/div>\n\n\n\n<p>\ud83d\udc49&nbsp;<strong>Confira o Organograma Completo <a href=\"https:\/\/draca.cubatao.sp.gov.br\/wp-content\/uploads\/2025\/06\/saude_estrutura_organizacional.pdf\" target=\"_blank\" rel=\"noreferrer noopener\">AQUI<\/a><\/strong>.<\/p>\n\n\n\n<div style=\"height:23px\" aria-hidden=\"true\" class=\"wp-block-spacer\"><\/div>\n\n\n\n<div class=\"wp-block-accordion-toggle-accordion-toggle  root-eb-accordion-o0zwp\"><div class=\"eb-parent-wrapper eb-parent-eb-accordion-o0zwp \"><div class=\"eb-accordion-container eb-accordion-o0zwp\" data-accordion-type=\"accordion\" data-tab-icon=\"fas fa-angle-right\" data-expanded-icon=\"fas fa-angle-down\" data-transition-duration=\"500\"><div class=\"eb-accordion-inner\">\n<div class=\"wp-block-accordion-toggle-accordion-item eb-accordion-item-y7wlo eb-accordion-wrapper\" data-clickable=\"false\"><div class=\"eb-accordion-title-wrapper eb-accordion-title-wrapper-eb-accordion-o0zwp\" tabindex=\"0\"><span class=\"eb-accordion-icon-wrapper eb-accordion-icon-wrapper-eb-accordion-o0zwp\"><span class=\"fas fa-angle-right eb-accordion-icon\"><\/span><\/span><div class=\"eb-accordion-title-content-wrap title-content-eb-accordion-o0zwp\"><h3 class=\"eb-accordion-title\"><strong>SECRETARIA MUNICIPAL DE SA\u00daDE<\/strong><\/h3><\/div><\/div><div class=\"eb-accordion-content-wrapper eb-accordion-content-wrapper-eb-accordion-o0zwp\"><div class=\"eb-accordion-content\">\n<p>Definir e executar a pol\u00edtica de sa\u00fade de responsabilidade do Munic\u00edpio; executar as atividades relativas \u00e0 promo\u00e7\u00e3o e recupera\u00e7\u00e3o da sa\u00fade p\u00fablica; prestar assist\u00eancia m\u00e9dica, odontol\u00f3gica e sanit\u00e1ria de natureza preventiva, terap\u00eautica e de recupera\u00e7\u00e3o; promover as articula\u00e7\u00f5es com as v\u00e1rias esferas de governos para o desenvolvimento de a\u00e7\u00f5es conjuntas; em a\u00e7\u00e3o articulada com as demais secretarias, administrar os contratos, conv\u00eanios, contratos de gest\u00e3o, termos de parcerias inerentes \u00e0 sua \u00e1rea de atua\u00e7\u00e3o, realizando a presta\u00e7\u00e3o de contas, nos termos do ordenamento jur\u00eddico vigente; gerir em n\u00edvel local o Sistema \u00danico de Sa\u00fade-Cubat\u00e3o; identificar e avaliar as condi\u00e7\u00f5es de sa\u00fade no Munic\u00edpio; planejar as a\u00e7\u00f5es e servi\u00e7os de sua compet\u00eancia de modo a conservar a sa\u00fade e a interferir nos fatores de agravos \u00e0 sa\u00fade da popula\u00e7\u00e3o; gerenciar as a\u00e7\u00f5es e os servi\u00e7os de sa\u00fade com vistas \u00e0 maior efic\u00e1cia da sua presta\u00e7\u00e3o &#8211; o gerenciamento da presta\u00e7\u00e3o de servi\u00e7os de sa\u00fade organizar-se-\u00e1 em tr\u00eas n\u00edveis: N\u00edvel Local: respons\u00e1vel pela presta\u00e7\u00e3o de servi\u00e7os de sa\u00fade com os Conselhos Locais de Sa\u00fade, realizada atrav\u00e9s das Unidades de Sa\u00fade; N\u00edvel Distrital: respons\u00e1vel pela coordena\u00e7\u00e3o dos servi\u00e7os de sa\u00fade prestados no \u00e2mbito da Regi\u00e3o atrav\u00e9s das Coordenadorias Regionais, dos Colegiados Regionais e dos Conselhos Distritais de Sa\u00fade; N\u00edvel de Gerenciamento do Sistema e Apoio T\u00e9cnico- Administrativo \u00e0 Presta\u00e7\u00e3o de Servi\u00e7os: realizado pelo Conselho Municipal de Sa\u00fade, Secret\u00e1rio Municipal de Sa\u00fade, Colegiado de Gest\u00e3o, Assessorias T\u00e9cnicas e \u00f3rg\u00e3os de n\u00edvel central.<\/p>\n<\/div><\/div><\/div>\n\n\n\n<div class=\"wp-block-accordion-toggle-accordion-item eb-accordion-item-8puzu eb-accordion-wrapper\" data-clickable=\"false\"><div class=\"eb-accordion-title-wrapper eb-accordion-title-wrapper-eb-accordion-o0zwp\" tabindex=\"0\"><span class=\"eb-accordion-icon-wrapper eb-accordion-icon-wrapper-eb-accordion-o0zwp\"><span class=\"fas fa-angle-right eb-accordion-icon\"><\/span><\/span><div class=\"eb-accordion-title-content-wrap title-content-eb-accordion-o0zwp\"><h3 class=\"eb-accordion-title\"><strong>DEPARTAMENTO ADMINISTRATIVO E FINANCEIRO DA SA\u00daDE<\/strong><\/h3><\/div><\/div><div class=\"eb-accordion-content-wrapper eb-accordion-content-wrapper-eb-accordion-o0zwp\"><div class=\"eb-accordion-content\">\n<p>Gerenciar os servi\u00e7os do almoxarifado, farm\u00e1cia central, a fim de exercer controle de compras, recebimentos, consumo e estoque de medicamentos, materiais de consumo, ferramental, m\u00f3veis e utens\u00edlios existentes em cada unidade; articular os dados com a Secretaria Municipal de Finan\u00e7as, para cadastramento e controle dos bens patrimoniais, no \u00e2mbito da Secretaria Municipal de Sa\u00fade; participar do preparo e desenvolvimento dos processos de licita\u00e7\u00f5es, tomadas de pre\u00e7o e preg\u00f5es no \u00e2mbito da Secretaria de Sa\u00fade; propor programas anual de treinamento e reciclagem de servidores lotados na Secretaria Municipal de Sa\u00fade, em conjunto com a Secretaria Municipal de Administra\u00e7\u00e3o; apoiar sob orienta\u00e7\u00e3o, as atividades vinculadas ao Departamento de Recursos Humanos da Secretaria Municipal de Administra\u00e7\u00e3o; trabalhar de forma articulada com os demais departamentos da Secretaria Municipal de Sa\u00fade e\/ou outras Secretarias no \u00e2mbito do Munic\u00edpio, Estado, Uni\u00e3o e institui\u00e7\u00f5es afins; manter organizado documentos, arquivos e toda estrutura administrativa do Departamento, assim como, solicitar as chefias subordinadas relat\u00f3rios e planilhas de suas rotinas, formular despachos e supervisionar toda estrutura do Departamento; exercer outras fun\u00e7\u00f5es competentes ao cargo.<\/p>\n<\/div><\/div><\/div>\n\n\n\n<div class=\"wp-block-accordion-toggle-accordion-item eb-accordion-item-mpzmz eb-accordion-wrapper\" data-clickable=\"true\"><div class=\"eb-accordion-title-wrapper eb-accordion-title-wrapper-eb-accordion-o0zwp\" tabindex=\"0\"><span class=\"eb-accordion-icon-wrapper eb-accordion-icon-wrapper-eb-accordion-o0zwp\"><span class=\"fas fa-angle-right eb-accordion-icon\"><\/span><\/span><div class=\"eb-accordion-title-content-wrap title-content-eb-accordion-o0zwp\"><h3 class=\"eb-accordion-title\"><strong>DIVIS\u00c3O DE REGULA\u00c7\u00c3O, AVALIA\u00c7\u00c3O, CONTROLE E AUDITORIA<\/strong><\/h3><\/div><\/div><div class=\"eb-accordion-content-wrapper eb-accordion-content-wrapper-eb-accordion-o0zwp\"><div class=\"eb-accordion-content\">\n<p>Operar e alimentar regularmente as bases de dados dos Sistemas de Informa\u00e7\u00e3o, conforme normas do Minist\u00e9rio da Sa\u00fade; cadastrar e manter atualizado o Sistema de Cadastro Nacional de Estabelecimentos de Sa\u00fade &#8211; SCNES; elaborar a Programa\u00e7\u00e3o F\u00edsico-Or\u00e7ament\u00e1ria &#8211; PFO das unidades de sa\u00fade; processar a produ\u00e7\u00e3o dos estabelecimentos de sa\u00fade pr\u00f3prios, conveniados e contratados; monitorar a execu\u00e7\u00e3o dos procedimentos por meio de a\u00e7\u00f5es de controle, avalia\u00e7\u00e3o e auditoria ambulatorial e hospitalar; disponibilizar dados de produ\u00e7\u00e3o, subsidiando as a\u00e7\u00f5es de planejamento e gerenciamento.<\/p>\n\n\n\n<p><\/p>\n\n\n\n<details class=\"wp-block-details is-layout-flow wp-block-details-is-layout-flow\"><summary>PORTARIA DRACA<br><br>\u00a0 <\/summary>\n<p class=\"has-text-align-center\"><strong>PORTARIA N.\u00ba 1203 DE 18 DE JUNHO DE 2025<\/strong><\/p>\n\n\n\n<div style=\"height:16px\" aria-hidden=\"true\" class=\"wp-block-spacer\"><\/div>\n\n\n\n<p class=\"has-text-align-center\"><strong>\u201c 492.\u00ba DA FUNDA\u00c7\u00c3O DO POVOADO \u201d<\/strong><\/p>\n\n\n\n<p><\/p>\n\n\n\n<p class=\"has-text-align-center\"><strong>\u201c\u00a0 76.\u00ba DA EMANCIPA\u00c7\u00c3O \u201d<\/strong><\/p>\n\n\n\n<p><\/p>\n\n\n\n<div style=\"height:16px\" aria-hidden=\"true\" class=\"wp-block-spacer\"><\/div>\n\n\n\n<p><\/p>\n\n\n\n<p>O PREFEITO MUNICIPAL DE CUBAT\u00c3O, usando das atribui\u00e7\u00f5es que lhe s\u00e3o conferidas em Lei, <\/p>\n\n\n\n<p>                      RESOLVE designar para compor a\u00a0\u00a0<strong>DIVIS\u00c3O DE\u00a0 REGULA\u00c7\u00c3O, AVALIA\u00c7\u00c3O, CONTROLE E AUDITORIA \u2013 DRACA, DO SISTEMA MUNICIPAL DE AUDITORIA E AVALIA\u00c7\u00c3O DO SISTEMA \u00daNICO DE SA\u00daDE,<\/strong>\u00a0conforme Decreto no. 7673 de 03\/03\/1998 e Decreto no. 9403 de 26 de agosto de 2009, as seguintes pessoas:<\/p>\n\n\n\n<div style=\"height:16px\" aria-hidden=\"true\" class=\"wp-block-spacer\"><\/div>\n\n\n\n<p><\/p>\n\n\n\n<p class=\"has-text-align-left\"><strong>Respons\u00e1vel<\/strong><br>Carla K\u00e1tia da Silva Hon\u00f3rio \u2013 Matr\u00edcula: 27.215<\/p>\n\n\n\n<p class=\"has-text-align-left\"><\/p>\n\n\n\n<div style=\"height:16px\" aria-hidden=\"true\" class=\"wp-block-spacer\"><\/div>\n\n\n\n<p class=\"has-text-align-left\"><\/p>\n\n\n\n<p class=\"has-text-align-left\"><\/p>\n\n\n\n<p><strong>Auditores<\/strong><br>Lucimara de Souza Pataro \u2013 Matr\u00edcula: 24.220<br>Rodrigo da Silva Busanello \u2013 Matr\u00edcula: 30.825<\/p>\n\n\n\n<div style=\"height:16px\" aria-hidden=\"true\" class=\"wp-block-spacer\"><\/div>\n\n\n\n<p><strong>Autorizadores<\/strong><br>Katila Cesario Muniz de Lello \u2013 Matr\u00edcula: 22.236<br>Joji Terya J\u00fanior \u2013 Matr\u00edcula: 22.241<br>N\u00e1jila Britto Salameh \u2013 Matr\u00edcula: 22.290<br>Sergio Sclearuc Carneiro \u2013 Matr\u00edcula: 22.547<br>Marcio Chinen Nishina \u2013 Matr\u00edcula: 25.307<\/p>\n\n\n\n<div style=\"height:16px\" aria-hidden=\"true\" class=\"wp-block-spacer\"><\/div>\n\n\n\n<p><\/p>\n\n\n\n<p><strong>Avaliadores<\/strong><br>Jos\u00e9 Celio de Abreu \u2013 Matr\u00edcula: 2.326<br>Denise Brammerloo \u2013 Matr\u00edcula: 4.838<br>Solange Gady Fernandes de Carvalho \u2013 Matr\u00edcula: 21.032<br>Luci Furtado Ottobone \u2013 Matr\u00edcula: 22.323<br>Luciana Martins Rozman \u2013 Matr\u00edcula: 22.485<br>Janaina Sales \u2013 Matr\u00edcula: 22.505<br>Maria de Jesus Carvalho da Silva \u2013 Matr\u00edcula: 22.510<br>Jocilene Alves de Lima \u2013 Matr\u00edcula: 23.591<br>Arrnando Brum Moreira \u2013 Matr\u00edcula: 24.376<br>Jailma Bispo Marques \u2013 Matr\u00edcula: 27.216<br>Ricardo David Rosatelles Marques \u2013 Matr\u00edcula: 27.219<br>Solange da Silva Gomes \u2013 Matr\u00edcula: 27.285<br>Tatiane da Silva Ferreira \u2013 Matr\u00edcula: 27.366<br>Claudia Luma Ribeiro Zavattieri \u2013 Matr\u00edcula: 27.518<br>Thiago Francisco Bessa Bandeira \u2013 Matr\u00edcula: 27.721<br>Marisa Sim\u00f5es Gomes dos Santos \u2013 Matr\u00edcula: 27.729<br>Cristiano Cust\u00f3dio \u2013 Matr\u00edcula: 30.601<br>Ione Veira dos Santos \u2013 Matr\u00edcula: 30.613<br>Maria de F\u00e1tima Barbosa Gon\u00e7alves \u2013 Matr\u00edcula: 30.618<br>Fernando Silverio de Resende \u2013 Matr\u00edcula: 30.755<br>Veronica Santos Pimenta \u2013 Matr\u00edcula: 30.777<br>Sabina Grem Pereira dos Santos Benassi \u2013 Matr\u00edcula: 30.818<br>Tiago Keita Mekaru \u2013 Matr\u00edcula: 30.819<br>Beatriz Pereira Braga \u2013 Matr\u00edcula: 30.822<br>Juceli Valerio Barreto \u2013 Matr\u00edcula: 30.832<br>Muniz Almeida Costa \u2013 Matr\u00edcula: 30.850<br>Keilla Aparecida da Silva Ferreira \u2013 Matr\u00edcula: 30.916<br>Marcia Martins dos Santos \u2013 Matr\u00edcula: 70.133<\/p>\n\n\n\n<div style=\"height:16px\" aria-hidden=\"true\" class=\"wp-block-spacer\"><\/div>\n\n\n\n<p><\/p>\n\n\n\n<p><strong>Controladoria Geral do Munic\u00edpio<\/strong><br>Vanessa Fraga \u2013 Matr\u00edcula: 24.125<\/p>\n\n\n\n<div style=\"height:16px\" aria-hidden=\"true\" class=\"wp-block-spacer\"><\/div>\n\n\n\n<p><\/p>\n\n\n\n<p><strong>Secretaria Municipal de Planejamento<\/strong><br>Wilney Jos\u00e9 Fraga \u2013 Matr\u00edcula: 31.537<\/p>\n\n\n\n<div style=\"height:16px\" aria-hidden=\"true\" class=\"wp-block-spacer\"><\/div>\n\n\n\n<p><\/p>\n\n\n\n<p><strong>Secretaria Municipal de Finan\u00e7as<\/strong><br>Luiz Alberto Maia da Silva \u2013 Matr\u00edcula: 27.470<\/p>\n\n\n\n<div style=\"height:16px\" aria-hidden=\"true\" class=\"wp-block-spacer\"><\/div>\n\n\n\n<p><\/p>\n\n\n\n<p><strong>Secretaria Municipal de Assuntos Jur\u00eddicos<\/strong><br>Rodrigo Dias Silva \u2013 Matr\u00edcula: 31.599<\/p>\n\n\n\n<div style=\"height:16px\" aria-hidden=\"true\" class=\"wp-block-spacer\"><\/div>\n\n\n\n<p><\/p>\n\n\n\n<p><strong>Secretaria Municipal de Sa\u00fade<\/strong><br>Marcio Luiz Amorim de Oliveira \u2013 Matr\u00edcula: 23.570<\/p>\n\n\n\n<div style=\"height:16px\" aria-hidden=\"true\" class=\"wp-block-spacer\"><\/div>\n\n\n\n<p><\/p>\n\n\n\n<p><strong>Secretaria Municipal de Obras e Desenvolvimento Urbano<\/strong><br>Marcos Silva Quarterolli \u2013 Matr\u00edcula: 25.915<\/p>\n\n\n\n<div style=\"height:16px\" aria-hidden=\"true\" class=\"wp-block-spacer\"><\/div>\n\n\n\n<p><\/p>\n\n\n\n<p><strong>Secretaria Municipal de Manuten\u00e7\u00e3o Urbana e Servi\u00e7os P\u00fablicos<\/strong><br>Elmo Ferreira \u2013 Matr\u00edcula: 31.553<\/p>\n\n\n\n<div style=\"height:16px\" aria-hidden=\"true\" class=\"wp-block-spacer\"><\/div>\n\n\n\n<p><\/p>\n\n\n\n<p><strong>Diretoria do Departamento Administrativo e Financeiro Sa\u00fade<\/strong><br>Paloma Maria Araujo Picinin \u2013 Matr\u00edcula: 31.756 <\/p>\n\n\n\n<div style=\"height:20px\" aria-hidden=\"true\" class=\"wp-block-spacer\"><\/div>\n\n\n\n<p><\/p>\n\n\n\n<p class=\"has-text-align-center\">Revoga-se a portaria no. 1456, datada de 03 de agosto de 2.023.<\/p>\n\n\n\n<p class=\"has-text-align-center\">Registre-se, publique-se e cumpra-se.<\/p>\n\n\n\n<div style=\"height:16px\" aria-hidden=\"true\" class=\"wp-block-spacer\"><\/div>\n\n\n\n<p class=\"has-text-align-center\">18\/06\/2025<\/p>\n\n\n\n<div style=\"height:37px\" aria-hidden=\"true\" class=\"wp-block-spacer\"><\/div>\n\n\n\n<p class=\"has-text-align-center\">C\u00e9sar da Silva Nascimento<\/p>\n\n\n\n<p class=\"has-text-align-center\"><strong>Prefeito Municipal<\/strong><\/p>\n<\/details>\n\n\n\n<p class=\"has-text-align-center\"><\/p>\n<\/div><\/div><\/div>\n<\/div><\/div><\/div><\/div>\n\n\n\n<p><\/p>\n","protected":false},"excerpt":{"rendered":"<p>Estrutura Organizacional \ud83d\udc49&nbsp;Confira o Organograma Completo AQUI.<\/p>\n","protected":false},"author":1,"featured_media":0,"parent":0,"menu_order":0,"comment_status":"closed","ping_status":"closed","template":"","meta":{"_eb_attr":"","footnotes":""},"class_list":["post-96","page","type-page","status-publish","hentry"],"jetpack_sharing_enabled":true,"_links":{"self":[{"href":"https:\/\/draca.cubatao.sp.gov.br\/index.php\/wp-json\/wp\/v2\/pages\/96","targetHints":{"allow":["GET"]}}],"collection":[{"href":"https:\/\/draca.cubatao.sp.gov.br\/index.php\/wp-json\/wp\/v2\/pages"}],"about":[{"href":"https:\/\/draca.cubatao.sp.gov.br\/index.php\/wp-json\/wp\/v2\/types\/page"}],"author":[{"embeddable":true,"href":"https:\/\/draca.cubatao.sp.gov.br\/index.php\/wp-json\/wp\/v2\/users\/1"}],"replies":[{"embeddable":true,"href":"https:\/\/draca.cubatao.sp.gov.br\/index.php\/wp-json\/wp\/v2\/comments?post=96"}],"version-history":[{"count":96,"href":"https:\/\/draca.cubatao.sp.gov.br\/index.php\/wp-json\/wp\/v2\/pages\/96\/revisions"}],"predecessor-version":[{"id":1157,"href":"https:\/\/draca.cubatao.sp.gov.br\/index.php\/wp-json\/wp\/v2\/pages\/96\/revisions\/1157"}],"wp:attachment":[{"href":"https:\/\/draca.cubatao.sp.gov.br\/index.php\/wp-json\/wp\/v2\/media?parent=96"}],"curies":[{"name":"wp","href":"https:\/\/api.w.org\/{rel}","templated":true}]}}